{"id":800,"date":"2025-03-07T11:15:48","date_gmt":"2025-03-07T10:15:48","guid":{"rendered":"https:\/\/preventncd.sum.edu.pl\/?page_id=800"},"modified":"2026-01-26T17:00:22","modified_gmt":"2026-01-26T16:00:22","slug":"o-projekcie-2-2","status":"publish","type":"page","link":"https:\/\/preventncd.sum.edu.pl\/en\/o-projekcie-2-2\/","title":{"rendered":"Declaration of accessibility"},"content":{"rendered":"<div class=\"\" style=\"\" >\n    \n    <section class=\"u-clearfix u-white u-section-2\" id=\"sec-ab38\">\n      <div class=\"u-clearfix u-sheet u-valign-middle u-sheet-1\">\n        <div class=\"u-border-2 u-border-grey-40 u-container-style u-expanded-width u-group u-group-1\">\n          <div class=\"u-container-layout u-container-layout-1\">\n            <div class=\"custom-expanded data-layout-selected u-clearfix u-gutter-0 u-layout-wrap u-layout-wrap-1\">\n              <div class=\"u-layout\" style=\"\">\n                <div class=\"u-layout-row\" style=\"\">\n                  <div class=\"u-container-style u-layout-cell u-left-cell u-size-37 u-size-xs-60 u-layout-cell-1\" src=\"\">\n                    <div class=\"u-container-layout u-valign-middle u-container-layout-2\">\n                      <h1 class=\"u-align-center u-custom-font u-font-roboto u-text u-text-1\">Declaration of accessibility<\/h1>\n                      <p class=\"u-align-left u-custom-font u-font-roboto u-text u-text-2\"> The Medical University of Silesia in Katowice is committed to ensuring the accessibility of the website sum.edu.pl in accordance with the Act of April 4, 2019, on the digital accessibility of websites and mobile applications of public entities (Journal of Laws 2019, item 848). <br>\n                        <br>Website publication date: March 7, 2025<br>\n                        <br>This accessibility statement applies to the website preventncd.sum.edu.pl. <br>\n                        <br>Data ostatniej aktualizacji: 2026-01-26\n                      <\/p>\n                    <\/div>\n                  <\/div>\n                  <div class=\"u-align-center u-container-align-center u-container-style u-layout-cell u-right-cell u-size-23 u-size-xs-60 u-layout-cell-2\" src=\"\">\n                    <div class=\"u-container-layout u-valign-middle u-container-layout-3\" src=\"\">\n                      <img class=\"custom-expanded u-hidden-xs u-image u-image-contain lazyload u-image-1\" data-image-width=\"468\" data-image-height=\"699\" data-src=\"https:\/\/preventncd.sum.edu.pl\/wp-content\/uploads\/2025\/10\/Projektbeznazwy.jpg\" loading=\"lazy\">\n                    <\/div>\n                  <\/div>\n                <\/div>\n              <\/div>\n            <\/div>\n          <\/div>\n        <\/div>\n      <\/div>\n    <\/section>\n    <section class=\"u-clearfix u-container-align-left-lg u-container-align-left-md u-container-align-left-sm u-container-align-left-xl u-section-3\" id=\"block-4\">\n      <div class=\"u-clearfix u-sheet u-valign-middle u-sheet-1\">\n        <div class=\"fr-view u-align-center-xs u-align-left-lg u-align-left-md u-align-left-sm u-align-left-xl u-clearfix u-rich-text u-text u-text-1\">\n          <h2 id=\"isPasted\" style=\"text-align: justify;\"><span class=\"u-custom-font u-font-roboto\" style=\"font-weight: 700;\"><span style=\"font-size: 1.25rem;\">Compliance status<\/span><\/span>\n          <\/h2>\n          <p style=\"text-align: justify;\"><span class=\"u-custom-font u-font-roboto\">This website is partially compliant with WCAG 2.1 due to the following non-compliances:<\/span>\n          <\/p>\n          <p style=\"text-align: justify;\"><span class=\"u-custom-font u-font-roboto\">1.3.1, 1.3.2, 4.1.1.<\/span>\n          <\/p>\n          <p style=\"text-align: justify;\"><span class=\"u-custom-font u-font-roboto\">We hereby inform you that our website has been adjusted to meet accessibility standards in accordance with applicable regulations. However, please be advised that for sliders (carousels) using special features, full Tab key navigation support between individual elements may be limited.<\/span>\n          <\/p>\n          <p style=\"text-align: justify;\"><span class=\"u-custom-font u-font-roboto\">We encourage users to use the available navigation buttons within the sliders (carousels) to take full advantage of the functionality. We would like to assure you that we are aware of the importance of accessibility for all users and have taken measures to further improve access. Thank you for your understanding.<\/span>\n          <\/p>\n          <p style=\"text-align: justify;\"><span class=\"u-custom-font u-font-roboto\">If you have any additional questions or need further information about accessibility, please contact us.<\/span>\n          <\/p>\n          <h2 style=\"text-align: justify;\"><span class=\"u-custom-font u-font-roboto\" style=\"font-weight: 700; font-size: 1.25rem;\">Inaccessible content<\/span>\n          <\/h2>\n          <p style=\"text-align: justify;\"><span class=\"u-custom-font u-font-roboto\">Some resolutions and orders are published in the form of scans without a text layer.<\/span>\n          <\/p>\n          <p style=\"text-align: justify;\"><span class=\"u-custom-font u-font-roboto\">On this website, it is possible to use standard keyboard shortcuts.<\/span>\n          <\/p>\n          <h2 style=\"text-align: justify;\"><span class=\"u-custom-font u-font-roboto\" style=\"font-weight: 700; font-size: 1.25rem;\">Feedback and Contact Information<\/span>\n          <\/h2>\n          <p style=\"text-align: justify;\"><span class=\"u-custom-font u-font-roboto\">In case of any issues with the accessibility of the website or to provide any feedback, please contact Ms. Agata Pustu\u0142ka (email: <a href=\"mailto:rzecznik@sum.edu.pl\">rzecznik@sum.edu.pl<\/a>, phone. 32 20 83 639). The same method can be used to submit requests for the provision of inaccessible information and to file complaints about the lack of accessibility.<\/span>\n          <\/p>\n          <p style=\"text-align: justify;\"><span class=\"u-custom-font u-font-roboto\">Everyone has the right to request a public entity to ensure the digital accessibility of the specified website. It is also possible to request the provision of information through an alternative access method, as referred to in Article 7 of the relevant Act. The request should include: contact details of the person making the request; identification of the public entity's website that should be digitally accessible; indication of how to contact the person making the request; indication of an alternative access method, if applicable.<\/span>\n          <\/p>\n          <p style=\"text-align: justify;\"><span class=\"u-custom-font u-font-roboto\">The digital accessibility of a public entity's website will be ensured without undue delay, but no later than 7 days from the date of the request.<\/span>\n          <\/p>\n          <p style=\"text-align: justify;\"><span class=\"u-custom-font u-font-roboto\">If the aforementioned digital accessibility cannot be ensured within 7 days, the public entity must promptly inform the person making the request about the reasons for the delay and the date by which the digital accessibility of the specified website will be ensured, but no later than two months from the date of the request.<\/span>\n          <\/p>\n          <p style=\"text-align: justify;\"><span class=\"u-custom-font u-font-roboto\">If the public entity is unable to ensure the digital accessibility of a website element as requested, it must promptly inform the person making the request about the reasons for the inability to ensure digital accessibility of the specified element, and indicate an alternative method of accessing this element.<\/span>\n          <\/p>\n          <p style=\"text-align: justify;\"><span class=\"u-custom-font u-font-roboto\">In the case of a refusal to ensure the digital accessibility of a public entity's website, as specified in the request, or in the case of a refusal to use the alternative access method by the person making the request, a complaint regarding the digital accessibility of the website can be filed with the public entity.<\/span>\n          <\/p>\n          <p style=\"text-align: justify;\"><span class=\"u-custom-font u-font-roboto\">After all options for complaints have been exhausted, the complaint can also be submitted to the Ombudsman.<\/span>\n          <\/p>\n          <h2 style=\"text-align: justify;\"><span class=\"u-custom-font u-font-roboto\" style=\"font-weight: 700; font-size: 1.25rem;\">Architectural Accessibility<\/span>\n          <\/h2>\n          <p style=\"text-align: justify;\"><span class=\"u-custom-font u-font-roboto\">The Rectorate Building of the Medical University of Silesia in Katowice, located at Poniatowskiego Street 15.<\/span>\n          <\/p>\n          <p style=\"text-align: justify;\"><span class=\"u-custom-font u-font-roboto\">The Rectorate building has two entrances located in the central part. The main entrance is located on the front wall of the building, directly facing Poniatowskiego Street. Behind the main entrance doors, there are stairs leading to the first floor (ground floor). On the right side of the stairs, there is a platform for transporting people with disabilities who use wheelchairs. On the left side of the stairs (ground floor), there is a security desk. The second entrance is located at the rear wall of the building, facing the internal courtyard of the Ministry of the Interior and Administration Hospital. This entrance is primarily for evacuation purposes in case of fire or other local hazards. Wheelchair access is available. The building is equipped with a passenger elevator (with Braille buttons). Currently, there are no designated parking spaces for people with disabilities.<\/span>\n          <\/p>\n          <p style=\"text-align: justify;\"><span class=\"u-custom-font u-font-roboto\">All floors are accessible for wheelchair users, except for the basement. A restroom for people with disabilities is available on the ground floor of the building.<\/span>\n          <\/p>\n          <p style=\"text-align: justify;\"><span class=\"u-custom-font u-font-roboto\">The building and all its rooms are accessible with an assistance dog or guide dog.<\/span>\n          <\/p>\n          <p style=\"text-align: justify;\"><span class=\"u-custom-font u-font-roboto\">The building does not have induction loops.<\/span>\n          <\/p>\n          <p style=\"text-align: justify;\"><span class=\"u-custom-font u-font-roboto\">The building does not have Braille signs or contrast markings, nor enlarged print for blind or visually impaired individuals.<\/span>\n          <\/p>\n        <\/div>\n      <\/div>\n    <\/section>\n    \n    \n    \n  \n<\/div>","protected":false},"excerpt":{"rendered":"<p>Deklaracja dost\u0119pno\u015bci \u015al\u0105ski Uniwersytet Medyczny w Katowicach zobowi\u0105zuje si\u0119 zapewni\u0107 dost\u0119pno\u015b\u0107 strony internetowej sum.edu.pl zgodnie z ustaw\u0105 z dnia 4 kwietnia 2019 r. o dost\u0119pno\u015bci cyfrowej stron internetowych i aplikacji mobilnych podmiot\u00f3w publicznych (Dz. U. 2019, poz. 848). Data publikacji strony internetowej: 2025-03-07 Niniejsze o\u015bwiadczenie w sprawie dost\u0119pno\u015bci ma zastosowanie do strony internetowej preventncd.sum.edu.pl. Data [&hellip;]<\/p>","protected":false},"author":1,"featured_media":0,"parent":0,"menu_order":0,"comment_status":"closed","ping_status":"closed","template":"","meta":{"footnotes":""},"class_list":["post-800","page","type-page","status-publish","hentry"],"blocksy_meta":[],"_links":{"self":[{"href":"https:\/\/preventncd.sum.edu.pl\/en\/wp-json\/wp\/v2\/pages\/800","targetHints":{"allow":["GET"]}}],"collection":[{"href":"https:\/\/preventncd.sum.edu.pl\/en\/wp-json\/wp\/v2\/pages"}],"about":[{"href":"https:\/\/preventncd.sum.edu.pl\/en\/wp-json\/wp\/v2\/types\/page"}],"author":[{"embeddable":true,"href":"https:\/\/preventncd.sum.edu.pl\/en\/wp-json\/wp\/v2\/users\/1"}],"replies":[{"embeddable":true,"href":"https:\/\/preventncd.sum.edu.pl\/en\/wp-json\/wp\/v2\/comments?post=800"}],"version-history":[{"count":14,"href":"https:\/\/preventncd.sum.edu.pl\/en\/wp-json\/wp\/v2\/pages\/800\/revisions"}],"predecessor-version":[{"id":1748,"href":"https:\/\/preventncd.sum.edu.pl\/en\/wp-json\/wp\/v2\/pages\/800\/revisions\/1748"}],"wp:attachment":[{"href":"https:\/\/preventncd.sum.edu.pl\/en\/wp-json\/wp\/v2\/media?parent=800"}],"curies":[{"name":"wp","href":"https:\/\/api.w.org\/{rel}","templated":true}]}}