{"id":774,"date":"2025-03-07T11:09:32","date_gmt":"2025-03-07T10:09:32","guid":{"rendered":"https:\/\/preventncd.sum.edu.pl\/?page_id=774"},"modified":"2025-10-02T10:47:04","modified_gmt":"2025-10-02T08:47:04","slug":"o-projekcie","status":"publish","type":"page","link":"https:\/\/preventncd.sum.edu.pl\/en\/o-projekcie\/","title":{"rendered":"About Project"},"content":{"rendered":"<div class=\"\" style=\"\" >\n    \n    <section class=\"u-clearfix u-white u-section-2\" id=\"sec-ea1b\">\n      <div class=\"u-clearfix u-sheet u-valign-middle u-sheet-1\">\n        <div class=\"custom-expanded u-border-2 u-border-grey-40 u-container-align-center-xs u-container-style u-expanded-width-lg u-expanded-width-md u-expanded-width-sm u-expanded-width-xl u-group u-group-1\">\n          <div class=\"u-container-layout u-container-layout-1\">\n            <div class=\"custom-expanded data-layout-selected u-clearfix u-gutter-0 u-layout-wrap u-layout-wrap-1\">\n              <div class=\"u-layout\" style=\"\">\n                <div class=\"u-layout-row\" style=\"\">\n                  <div class=\"u-container-style u-layout-cell u-left-cell u-size-33 u-size-xs-60 u-layout-cell-1\" src=\"\">\n                    <div class=\"u-container-layout u-valign-middle-xs u-container-layout-2\">\n                      <h1 class=\"u-align-center u-custom-font u-font-roboto u-text u-text-default u-text-1\">About Project <\/h1>\n                    <\/div>\n                  <\/div>\n                  <div class=\"u-align-center u-container-align-center u-container-style u-layout-cell u-right-cell u-size-27 u-size-xs-60 u-layout-cell-2\" src=\"\">\n                    <div class=\"u-container-layout u-valign-middle-md u-valign-middle-sm u-valign-middle-xs u-container-layout-3\" src=\"\">\n                      <img class=\"custom-expanded u-hidden-xs u-image u-image-contain lazyload u-image-1\" data-image-width=\"468\" data-image-height=\"699\" data-src=\"https:\/\/preventncd.sum.edu.pl\/wp-content\/uploads\/2025\/10\/Projektbeznazwy.jpg\" loading=\"lazy\">\n                    <\/div>\n                  <\/div>\n                <\/div>\n              <\/div>\n            <\/div>\n          <\/div>\n        <\/div>\n      <\/div>\n    <\/section>\n    <section class=\"u-clearfix u-container-align-left-lg u-container-align-left-md u-container-align-left-sm u-container-align-left-xl u-section-3\" id=\"block-4\">\n      <div class=\"u-clearfix u-sheet u-valign-middle-lg u-valign-middle-md u-valign-middle-sm u-valign-middle-xl u-sheet-1\">\n        <div class=\"fr-view u-align-left u-clearfix u-rich-text u-text u-text-1\">\n          <p align=\"center\" id=\"isPasted\" style=\"text-align: justify;\"><span class=\"u-custom-font u-font-roboto\"><span style=\"font-weight: 700;\"><span class=\"u-text-body-color\">Background and Objectives<\/span><\/span><\/span>\n          <\/p>\n          <p style=\"text-align: justify;\"><span class=\"u-custom-font u-font-roboto\"><span class=\"u-text-body-color\">Cancer and other non-communicable diseases (NCDs) represent a significant portion of the disease burden in Europe, much of which is preventable. The Joint Action Prevent Non-Communicable Diseases (JA PreventNCD) project is designed to address this challenge by supporting strategies and policies that aim to reduce the burden of cancer and NCDs, focusing on both personal and societal risk factors.<\/span><\/span>\n          <\/p>\n          <p style=\"text-align: justify;\"><span class=\"u-custom-font u-font-roboto\"><span class=\"u-text-body-color\">This project is a continuation of the Best Re-MaP initiative \u2014 \u2018Healthy food for a healthy future\u2019 \u2014 for more information, please visit:&nbsp;<\/span><\/span>\n            <a href=\"https:\/\/bestremap.sum.edu.pl\/\"><\/a><span class=\"u-custom-font u-font-roboto\">\n              <a href=\"https:\/\/bestremap.sum.edu.pl\/\"><\/a><span class=\"u-text-body-color\">\n                <a class=\"u-btn u-button-link u-button-style u-text-palette-1-base u-btn-1\" href=\"https:\/\/bestremap.sum.edu.pl\/\" target=\"\">https:\/\/bestremap.sum.edu.pl\/<\/a><\/span><\/span>\n          <\/p>\n          <p align=\"center\" style=\"text-align: justify;\"><span class=\"u-custom-font u-font-roboto\" style=\"font-weight: 700;\"><span class=\"u-text-body-color\">Major Goal<\/span><\/span>\n          <\/p>\n          <p style=\"text-align: justify;\"><span class=\"u-custom-font u-font-roboto\"><span class=\"u-text-body-color\">The project's major goal is to minimize fragmentation and duplication of efforts and to engage national authorities at various levels to enhance the impact of actions taken. A significant aspect is the rigorous evaluation of these actions to assist authorities in prioritizing the most effective prevention strategies. This will contribute to achieving global targets in reducing the NCD burden.<\/span><\/span>\n          <\/p>\n          <p align=\"center\" style=\"text-align: justify;\"><span class=\"u-custom-font u-font-roboto\" style=\"font-weight: 700;\"><span class=\"u-text-body-color\">Addressing Social Inequalites and Risk Factors<\/span><\/span>\n          <\/p>\n          <p style=\"text-align: justify;\"><span class=\"u-custom-font u-font-roboto\"><span class=\"u-text-body-color\">A key objective is to tackle social inequalities by addressing the root causes of NCD risk factors and adopting a life-course approach. The project aims to build a comprehensive European infrastructure for monitoring factors related to cancer and other NCDs. This includes building on existing knowledge and exploring new methods for monitoring risk factors, disease burden, and the impact of policies and interventions.<\/span><\/span>\n          <\/p>\n          <p align=\"center\" style=\"text-align: justify;\"><span class=\"u-custom-font u-font-roboto\" style=\"font-weight: 700;\"><span class=\"u-text-body-color\">Alignment with European Health Initiatives<\/span><\/span>\n          <\/p>\n          <p style=\"text-align: justify;\"><span class=\"u-custom-font u-font-roboto\"><span class=\"u-text-body-color\">The project aligns with the objectives of Europe\u2019s Beating Cancer Plan and the 'Healthier Together \u2013 EU NCD Initiative'. Activities are organized through mandatory work packages, focusing on coordination, dissemination, evaluation, policy integration, and technical areas like social inequality and health policies. These activities are supported by research evidence on the causes of cancer and other NCDs and effective intervention strategies. Moreover, four Action Grants are connected to this JA: ELISAH, FILTERED, PEACHD and Showup4Health.<\/span><\/span>\n          <\/p>\n          <p align=\"center\" style=\"text-align: justify;\"><span class=\"u-custom-font u-font-roboto\" style=\"font-weight: 700;\"><span class=\"u-text-body-color\">Holistic Approach to Health and Equity<\/span><\/span>\n          <\/p>\n          <p style=\"text-align: justify;\"><span class=\"u-custom-font u-font-roboto\"><span class=\"u-text-body-color\">The overall and specific objectives of JA PreventNCD are influenced by the priority actions in Europe\u2019s Beating Cancer Plan and the EU Non-Communicable Diseases Initiative \u2013 Healthier Together. The project emphasizes that health is created by policies across sectors, and thus, it is crucial to consider the health and health equity implications of these policies. Addressing socioeconomic disparities and social determinants that influence exposure to major risk factors for cancer and NCDs is vital for this initiative.<\/span><\/span>\n          <\/p>\n          <p align=\"center\" style=\"text-align: justify;\"><span class=\"u-custom-font u-font-roboto\" style=\"font-weight: 700;\"><span class=\"u-text-body-color\">Work Packages<\/span><\/span>\n          <\/p>\n          <p style=\"text-align: justify;\"><span class=\"u-custom-font u-font-roboto\"><span class=\"u-text-body-color\">The aim of JA PreventNCD is to support Member States in implementing effective cancer and NCD prevention strategies. This involves a coordinated approach across six technical work packages, addressing health determinants common to cancer and NCDs, and assessing the effectiveness and efficiency of various prevention methods across Europe.<\/span><\/span>\n          <\/p>\n          <p style=\"text-align: justify;\"><span class=\"u-custom-font u-font-roboto\"><span class=\"u-text-body-color\">The project homepage is available here: <\/span><\/span>\n            <a href=\"https:\/\/www.preventncd.eu\/\" target=\"_blank\" rel=\"noopener noreferrer\"><\/a><span class=\"u-custom-font u-font-roboto\">\n              <a href=\"https:\/\/www.preventncd.eu\/\" target=\"_blank\" rel=\"noopener noreferrer\"><\/a><span class=\"u-text-body-color\">\n                <a href=\"https:\/\/www.preventncd.eu\/\" rel=\"noopener noreferrer\" target=\"_blank\">https:\/\/www.preventncd.eu\/<\/a><\/span><\/span>\n          <\/p>\n        <\/div>\n      <\/div>\n    <\/section>\n    \n    \n    \n  \n<\/div>","protected":false},"excerpt":{"rendered":"<p>O projekcie Informacje og\u00f3lne i cele Nowotwory i inne choroby niezaka\u017ane (NCD) stanowi\u0105 znaczn\u0105 cz\u0119\u015b\u0107 obci\u0105\u017cenia chorobami w Europie, z kt\u00f3rych znacznej cz\u0119\u015bci mo\u017cna zapobiec. Projekt Joint Action Prevent Non-Communicable Diseases (JA PreventNCD) ma na celu stawienie czo\u0142a temu wyzwaniu poprzez wspieranie strategii i polityk maj\u0105cych na celu zmniejszenie obci\u0105\u017cenia chorobami nowotworowymi i niezaka\u017anymi, koncentruj\u0105c [&hellip;]<\/p>","protected":false},"author":1,"featured_media":0,"parent":0,"menu_order":0,"comment_status":"closed","ping_status":"closed","template":"","meta":{"footnotes":""},"class_list":["post-774","page","type-page","status-publish","hentry"],"blocksy_meta":[],"_links":{"self":[{"href":"https:\/\/preventncd.sum.edu.pl\/en\/wp-json\/wp\/v2\/pages\/774","targetHints":{"allow":["GET"]}}],"collection":[{"href":"https:\/\/preventncd.sum.edu.pl\/en\/wp-json\/wp\/v2\/pages"}],"about":[{"href":"https:\/\/preventncd.sum.edu.pl\/en\/wp-json\/wp\/v2\/types\/page"}],"author":[{"embeddable":true,"href":"https:\/\/preventncd.sum.edu.pl\/en\/wp-json\/wp\/v2\/users\/1"}],"replies":[{"embeddable":true,"href":"https:\/\/preventncd.sum.edu.pl\/en\/wp-json\/wp\/v2\/comments?post=774"}],"version-history":[{"count":17,"href":"https:\/\/preventncd.sum.edu.pl\/en\/wp-json\/wp\/v2\/pages\/774\/revisions"}],"predecessor-version":[{"id":1662,"href":"https:\/\/preventncd.sum.edu.pl\/en\/wp-json\/wp\/v2\/pages\/774\/revisions\/1662"}],"wp:attachment":[{"href":"https:\/\/preventncd.sum.edu.pl\/en\/wp-json\/wp\/v2\/media?parent=774"}],"curies":[{"name":"wp","href":"https:\/\/api.w.org\/{rel}","templated":true}]}}